{"id":21068,"date":"2023-02-16T14:40:28","date_gmt":"2023-02-16T13:40:28","guid":{"rendered":"http:\/\/history.schaltzeit.com\/?page_id=21068"},"modified":"2025-02-21T16:34:01","modified_gmt":"2025-02-21T15:34:01","slug":"jobs","status":"publish","type":"page","link":"https:\/\/history.schaltzeit.com\/en\/jobs\/","title":{"rendered":"Jobs"},"content":{"rendered":"<div data-elementor-type=\"wp-page\" data-elementor-id=\"21068\" class=\"elementor elementor-21068\" data-elementor-settings=\"{&quot;element_pack_global_tooltip_width&quot;:{&quot;unit&quot;:&quot;px&quot;,&quot;size&quot;:&quot;&quot;,&quot;sizes&quot;:[]},&quot;element_pack_global_tooltip_width_tablet&quot;:{&quot;unit&quot;:&quot;px&quot;,&quot;size&quot;:&quot;&quot;,&quot;sizes&quot;:[]},&quot;element_pack_global_tooltip_width_mobile&quot;:{&quot;unit&quot;:&quot;px&quot;,&quot;size&quot;:&quot;&quot;,&quot;sizes&quot;:[]},&quot;element_pack_global_tooltip_padding&quot;:{&quot;unit&quot;:&quot;px&quot;,&quot;top&quot;:&quot;&quot;,&quot;right&quot;:&quot;&quot;,&quot;bottom&quot;:&quot;&quot;,&quot;left&quot;:&quot;&quot;,&quot;isLinked&quot;:true},&quot;element_pack_global_tooltip_padding_tablet&quot;:{&quot;unit&quot;:&quot;px&quot;,&quot;top&quot;:&quot;&quot;,&quot;right&quot;:&quot;&quot;,&quot;bottom&quot;:&quot;&quot;,&quot;left&quot;:&quot;&quot;,&quot;isLinked&quot;:true},&quot;element_pack_global_tooltip_padding_mobile&quot;:{&quot;unit&quot;:&quot;px&quot;,&quot;top&quot;:&quot;&quot;,&quot;right&quot;:&quot;&quot;,&quot;bottom&quot;:&quot;&quot;,&quot;left&quot;:&quot;&quot;,&quot;isLinked&quot;:true},&quot;element_pack_global_tooltip_border_radius&quot;:{&quot;unit&quot;:&quot;px&quot;,&quot;top&quot;:&quot;&quot;,&quot;right&quot;:&quot;&quot;,&quot;bottom&quot;:&quot;&quot;,&quot;left&quot;:&quot;&quot;,&quot;isLinked&quot;:true},&quot;element_pack_global_tooltip_border_radius_tablet&quot;:{&quot;unit&quot;:&quot;px&quot;,&quot;top&quot;:&quot;&quot;,&quot;right&quot;:&quot;&quot;,&quot;bottom&quot;:&quot;&quot;,&quot;left&quot;:&quot;&quot;,&quot;isLinked&quot;:true},&quot;element_pack_global_tooltip_border_radius_mobile&quot;:{&quot;unit&quot;:&quot;px&quot;,&quot;top&quot;:&quot;&quot;,&quot;right&quot;:&quot;&quot;,&quot;bottom&quot;:&quot;&quot;,&quot;left&quot;:&quot;&quot;,&quot;isLinked&quot;:true}}\" data-elementor-post-type=\"page\">\n\t\t\t\t<div class=\"elementor-element elementor-element-229c21d e-flex e-con-boxed e-con e-parent\" data-id=\"229c21d\" data-element_type=\"container\" data-settings=\"{&quot;jet_parallax_layout_list&quot;:[],&quot;background_background&quot;:&quot;classic&quot;}\">\n\t\t\t\t\t<div class=\"e-con-inner\">\n\t\t<div class=\"elementor-element elementor-element-cbbe552 e-con-full e-flex e-con e-child\" data-id=\"cbbe552\" data-element_type=\"container\" data-settings=\"{&quot;jet_parallax_layout_list&quot;:[]}\">\n\t\t<div class=\"elementor-element elementor-element-5a64741 e-con-full e-flex e-con e-child\" data-id=\"5a64741\" data-element_type=\"container\" data-settings=\"{&quot;jet_parallax_layout_list&quot;:[]}\">\n\t\t<div class=\"elementor-element elementor-element-ff58c06 e-con-full e-flex e-con e-child\" data-id=\"ff58c06\" data-element_type=\"container\" data-settings=\"{&quot;jet_parallax_layout_list&quot;:[]}\">\n\t\t\t\t<div class=\"elementor-element elementor-element-b7cb399 elementor-widget elementor-widget-heading\" data-id=\"b7cb399\" data-element_type=\"widget\" data-widget_type=\"heading.default\">\n\t\t\t\t<div class=\"elementor-widget-container\">\n\t\t\t\t\t<h6 class=\"elementor-heading-title elementor-size-default\">Career<\/h6>\t\t\t\t<\/div>\n\t\t\t\t<\/div>\n\t\t\t\t<div class=\"elementor-element elementor-element-73d1f82 elementor-widget elementor-widget-heading\" data-id=\"73d1f82\" data-element_type=\"widget\" data-widget_type=\"heading.default\">\n\t\t\t\t<div class=\"elementor-widget-container\">\n\t\t\t\t\t<h5 class=\"elementor-heading-title elementor-size-default\">Du m\u00f6chtest bei Schaltzeit arbeiten?<\/h5>\t\t\t\t<\/div>\n\t\t\t\t<\/div>\n\t\t\t\t<div class=\"elementor-element elementor-element-0878b9f elementor-widget elementor-widget-text-editor\" data-id=\"0878b9f\" data-element_type=\"widget\" data-widget_type=\"text-editor.default\">\n\t\t\t\t<div class=\"elementor-widget-container\">\n\t\t\t\t\t\t\t\t\t<p>Dann bist du hier genau richtig! Unsere Karriere-Seite bietet Dir Zugang zu spannenden Stellenangeboten aus den unterschiedlichsten Bereichen und f\u00fcr alle Erfahrungsstufen. Das ist die perfekte Gelegenheit, um deine Karriere als Schalter in Schwung zu bringen. Es ist egal, ob frisch von der Uni oder bereits ein erfahrener Profi bist. Wir sind immer auf der Suche nach neuen Potentialen und proaktive Zukunftshaltungen m\u00f6gen wir am meisten. Ist kein passendes Angebot f\u00fcr Dich dabei? Melde Dich und sprich pers\u00f6nlich mit uns!<\/p>\t\t\t\t\t\t\t\t<\/div>\n\t\t\t\t<\/div>\n\t\t\t\t<\/div>\n\t\t<div class=\"elementor-element elementor-element-f952ed9 e-con-full e-flex e-con e-child\" data-id=\"f952ed9\" data-element_type=\"container\" data-settings=\"{&quot;jet_parallax_layout_list&quot;:[]}\">\n\t\t\t\t<div class=\"elementor-element elementor-element-40dc5df elementor-view-default elementor-widget elementor-widget-icon\" data-id=\"40dc5df\" data-element_type=\"widget\" data-widget_type=\"icon.default\">\n\t\t\t\t<div class=\"elementor-widget-container\">\n\t\t\t\t\t\t\t<div class=\"elementor-icon-wrapper\">\n\t\t\t<div class=\"elementor-icon\">\n\t\t\t<i aria-hidden=\"true\" class=\"fad fa-long-arrow-down\"><\/i>\t\t\t<\/div>\n\t\t<\/div>\n\t\t\t\t\t\t<\/div>\n\t\t\t\t<\/div>\n\t\t\t\t<div class=\"elementor-element elementor-element-3e67c92 elementor-widget elementor-widget-text-editor\" data-id=\"3e67c92\" data-element_type=\"widget\" data-widget_type=\"text-editor.default\">\n\t\t\t\t<div class=\"elementor-widget-container\">\n\t\t\t\t\t\t\t\t\tUnsere Karriere-Seite aktualisieren wir regelm\u00e4\u00dfig, um sicherzustellen, dass du immer die neuesten Stellenangebote findest. Also worauf wartest du noch? Lass uns gemeinsam deine Karriere auf das n\u00e4chste Level bringen! \t\t\t\t\t\t\t\t<\/div>\n\t\t\t\t<\/div>\n\t\t\t\t<div class=\"elementor-element elementor-element-1e28c92 elementor-widget elementor-widget-text-editor\" data-id=\"1e28c92\" data-element_type=\"widget\" data-widget_type=\"text-editor.default\">\n\t\t\t\t<div class=\"elementor-widget-container\">\n\t\t\t\t\t\t\t\t\t<p>Schaltzeit \u2013 Experiences for Forward Thinking.<\/p>\t\t\t\t\t\t\t\t<\/div>\n\t\t\t\t<\/div>\n\t\t\t\t<\/div>\n\t\t\t\t<\/div>\n\t\t\t\t<\/div>\n\t\t\t\t\t<\/div>\n\t\t\t\t<\/div>\n\t\t<div class=\"elementor-element elementor-element-da24a56 e-flex e-con-boxed e-con e-parent\" data-id=\"da24a56\" data-element_type=\"container\" data-settings=\"{&quot;jet_parallax_layout_list&quot;:[],&quot;background_background&quot;:&quot;classic&quot;}\">\n\t\t\t\t\t<div class=\"e-con-inner\">\n\t\t<div class=\"elementor-element elementor-element-5c7fe240 e-con-full e-flex e-con e-child\" data-id=\"5c7fe240\" data-element_type=\"container\" data-settings=\"{&quot;jet_parallax_layout_list&quot;:[]}\">\n\t\t\t\t<div class=\"elementor-element elementor-element-26db930 uael-posts-thumbnail-ratio uael-post__link-complete-yes elementor-widget elementor-widget-uael-posts\" data-id=\"26db930\" data-element_type=\"widget\" data-settings=\"{&quot;classic_slides_to_show&quot;:2,&quot;classic_slides_to_show_tablet&quot;:2,&quot;classic_slides_to_show_mobile&quot;:1,&quot;classic_pagination_type&quot;:&quot;ajax&quot;}\" data-widget_type=\"uael-posts.classic\">\n\t\t\t\t<div class=\"elementor-widget-container\">\n\t\t\t\t\t\t\t<div class=\"uael-post__header\">\n\t\t\t\t\t<\/div>\n\t\t<div class=\"uael-post__body\">\n\t\t\t\n\t\t\n\t\t<div class=\"uael-blog-terms-position-above_content uael-post-image-top uael-post-grid uael-posts\" data-query-type=\"custom\" data-structure=\"normal\" data-layout=\"\" data-page=\"21068\" data-skin=\"classic\" data-filter-default=\"\" data-offset-top=\"30\" >\n\n\t\t\t\t\t\t\t<div class=\"uael-post-grid__inner uael-post__columns-2 uael-post__columns-tablet-2 uael-post__columns-mobile-1\">\n\t\t\t\n<div class=\"uael-post-wrapper\">\n\t<div class=\"uael-post__bg-wrap uael-bg-wrap-disabled\">\n\n\t\t\t\t\t<a href=\"https:\/\/history.schaltzeit.com\/en\/jobs\/softwareentwicklerin\/\" target=\"_self\" class=\"uael-post__complete-box-overlay\" aria-label=\"Link Complete Box\"><\/a>\n\t\t\t\t\n\t\t<div class=\"uael-post__inner-wrap uael-inner-wrap-disabled\">\n\n\t\t\t\t<div class=\"uael-post__thumbnail\">\n\t\t\t\n\t\t\t<a href=\"https:\/\/history.schaltzeit.com\/en\/jobs\/softwareentwicklerin\/\" target=\"_self\" title=\"Softwareentwickler*in\"><img fetchpriority=\"high\" decoding=\"async\" width=\"3840\" height=\"2160\" src=\"https:\/\/history.schaltzeit.com\/wp-content\/uploads\/2024\/08\/240827_SZ_Jobteaser_1920x180px_Developers.png\" class=\"attachment-full size-full wp-image-78724\" alt=\"\" srcset=\"https:\/\/history.schaltzeit.com\/wp-content\/uploads\/2024\/08\/240827_SZ_Jobteaser_1920x180px_Developers.png 3840w, https:\/\/history.schaltzeit.com\/wp-content\/uploads\/2024\/08\/240827_SZ_Jobteaser_1920x180px_Developers-300x169.png 300w, https:\/\/history.schaltzeit.com\/wp-content\/uploads\/2024\/08\/240827_SZ_Jobteaser_1920x180px_Developers-1024x576.png 1024w, https:\/\/history.schaltzeit.com\/wp-content\/uploads\/2024\/08\/240827_SZ_Jobteaser_1920x180px_Developers-768x432.png 768w, https:\/\/history.schaltzeit.com\/wp-content\/uploads\/2024\/08\/240827_SZ_Jobteaser_1920x180px_Developers-1536x864.png 1536w, https:\/\/history.schaltzeit.com\/wp-content\/uploads\/2024\/08\/240827_SZ_Jobteaser_1920x180px_Developers-2048x1152.png 2048w, https:\/\/history.schaltzeit.com\/wp-content\/uploads\/2024\/08\/240827_SZ_Jobteaser_1920x180px_Developers-18x10.png 18w\" sizes=\"(max-width: 3840px) 100vw, 3840px\" \/><\/a>\n\t\t\t\t\t<\/div>\n\t\t\n\t\t\t\n\t\t\t<div class=\"uael-post__content-wrap uael-content-wrap-disabled\">\n\t\t\t\t\t\t\t<div class=\"uael-post__terms-wrap\"><\/div>\n\t\t\t\t\t\t<h3 class=\"uael-post__title\">\n\n\t\t\n\t\t\t\t\t\t<a href=\"https:\/\/history.schaltzeit.com\/en\/jobs\/softwareentwicklerin\/\" target=\"_self\">\n\t\t\t\tSoftwareentwickler*in\t\t\t<\/a>\n\n\t\t\t\t<\/h3>\n\t\t\t\t\t<div class=\"uael-post__meta-data\">\n\t\t\t\t\t<\/div>\n\t\t\n\t\t<div class=\"uael-post__excerpt\">\n\t\t\tDu bist auf der Suche nach einer spannenden Werkstudent*innen-Stelle im Bereich Softwareentwicklung? Dann bist du bei uns genau richtig! Wir, die Schaltzeit GmbH, sind eine ...\t\t<\/div>\n\n\t\t\t\t\t<a class=\"uael-post__read-more elementor-button\" href=\"https:\/\/history.schaltzeit.com\/en\/jobs\/softwareentwicklerin\/\" target=\"_self\" aria-labelledby=\"uael-post-78711\">\n\t\t\t\t\t<span class=\"elementor-button-content-wrapper\">\n\t\t\t\t\t\t\t\t\t\t\t\t\t\t<span class=\"elementor-button-icon elementor-align-icon-left\">\n\n\t\t\t\t\t\t\t\t\t\n\t\t\t\t\t\t\t\t<\/span>\n\t\t\t\t\t\t\t\t\t\t\t\t\t\n\t\t\t\t\t\t<span class=\"elementor-button-text\" id=\"uael-post-78711\">View \u2192<\/span>\n\t\t\t\t\t<\/span>\n\t\t\t\t<\/a>\n\t\t\t\t\t\t<\/div>\n\t\t\t\n\t\t<\/div>\n\t\t\n\t<\/div>\n\n<\/div>\n\n<div class=\"uael-post-wrapper\">\n\t<div class=\"uael-post__bg-wrap uael-bg-wrap-disabled\">\n\n\t\t\t\t\t<a href=\"https:\/\/history.schaltzeit.com\/en\/jobs\/zukunftsforscherin\/\" target=\"_self\" class=\"uael-post__complete-box-overlay\" aria-label=\"Link Complete Box\"><\/a>\n\t\t\t\t\n\t\t<div class=\"uael-post__inner-wrap uael-inner-wrap-disabled\">\n\n\t\t\t\t<div class=\"uael-post__thumbnail\">\n\t\t\t\n\t\t\t<a href=\"https:\/\/history.schaltzeit.com\/en\/jobs\/zukunftsforscherin\/\" target=\"_self\" title=\"Zukunftsforscher*in\"><img decoding=\"async\" width=\"8000\" height=\"4500\" src=\"https:\/\/history.schaltzeit.com\/wp-content\/uploads\/2023\/01\/230217_Jobs_ZuFor.png\" class=\"attachment-full size-full wp-image-21410\" alt=\"\" srcset=\"https:\/\/history.schaltzeit.com\/wp-content\/uploads\/2023\/01\/230217_Jobs_ZuFor.png 8000w, https:\/\/history.schaltzeit.com\/wp-content\/uploads\/2023\/01\/230217_Jobs_ZuFor-300x169.png 300w, https:\/\/history.schaltzeit.com\/wp-content\/uploads\/2023\/01\/230217_Jobs_ZuFor-1024x576.png 1024w, https:\/\/history.schaltzeit.com\/wp-content\/uploads\/2023\/01\/230217_Jobs_ZuFor-768x432.png 768w, https:\/\/history.schaltzeit.com\/wp-content\/uploads\/2023\/01\/230217_Jobs_ZuFor-1536x864.png 1536w, https:\/\/history.schaltzeit.com\/wp-content\/uploads\/2023\/01\/230217_Jobs_ZuFor-2048x1152.png 2048w, https:\/\/history.schaltzeit.com\/wp-content\/uploads\/2023\/01\/230217_Jobs_ZuFor-18x10.png 18w\" sizes=\"(max-width: 8000px) 100vw, 8000px\" \/><\/a>\n\t\t\t\t\t<\/div>\n\t\t\n\t\t\t\n\t\t\t<div class=\"uael-post__content-wrap uael-content-wrap-disabled\">\n\t\t\t\t\t\t\t<div class=\"uael-post__terms-wrap\"><\/div>\n\t\t\t\t\t\t<h3 class=\"uael-post__title\">\n\n\t\t\n\t\t\t\t\t\t<a href=\"https:\/\/history.schaltzeit.com\/en\/jobs\/zukunftsforscherin\/\" target=\"_self\">\n\t\t\t\tZukunftsforscher*in\t\t\t<\/a>\n\n\t\t\t\t<\/h3>\n\t\t\t\t\t<div class=\"uael-post__meta-data\">\n\t\t\t\t\t<\/div>\n\t\t\n\t\t<div class=\"uael-post__excerpt\">\n\t\t\tWir suchen einen\/eine Praktikant*in im Bereich Zukunftsforschung &amp; Plattformentwicklung, der\/die selbstorganisiert und proaktiv ist und uns bei der Konzeption und Entwicklung unserer neuen Plattform unterst\u00fctzt. ...\t\t<\/div>\n\n\t\t\t\t\t<a class=\"uael-post__read-more elementor-button\" href=\"https:\/\/history.schaltzeit.com\/en\/jobs\/zukunftsforscherin\/\" target=\"_self\" aria-labelledby=\"uael-post-21391\">\n\t\t\t\t\t<span class=\"elementor-button-content-wrapper\">\n\t\t\t\t\t\t\t\t\t\t\t\t\t\t<span class=\"elementor-button-icon elementor-align-icon-left\">\n\n\t\t\t\t\t\t\t\t\t\n\t\t\t\t\t\t\t\t<\/span>\n\t\t\t\t\t\t\t\t\t\t\t\t\t\n\t\t\t\t\t\t<span class=\"elementor-button-text\" id=\"uael-post-21391\">View \u2192<\/span>\n\t\t\t\t\t<\/span>\n\t\t\t\t<\/a>\n\t\t\t\t\t\t<\/div>\n\t\t\t\n\t\t<\/div>\n\t\t\n\t<\/div>\n\n<\/div>\n\n<div class=\"uael-post-wrapper\">\n\t<div class=\"uael-post__bg-wrap uael-bg-wrap-disabled\">\n\n\t\t\t\t\t<a href=\"https:\/\/history.schaltzeit.com\/en\/jobs\/eventmanagerin\/\" target=\"_self\" class=\"uael-post__complete-box-overlay\" aria-label=\"Link Complete Box\"><\/a>\n\t\t\t\t\n\t\t<div class=\"uael-post__inner-wrap uael-inner-wrap-disabled\">\n\n\t\t\t\t<div class=\"uael-post__thumbnail\">\n\t\t\t\n\t\t\t<a href=\"https:\/\/history.schaltzeit.com\/en\/jobs\/eventmanagerin\/\" target=\"_self\" title=\"Eventmanager\"><img decoding=\"async\" width=\"8000\" height=\"4500\" src=\"https:\/\/history.schaltzeit.com\/wp-content\/uploads\/2023\/02\/230217_Jobs_Eventmanagement.png\" class=\"attachment-full size-full wp-image-21347\" alt=\"\" srcset=\"https:\/\/history.schaltzeit.com\/wp-content\/uploads\/2023\/02\/230217_Jobs_Eventmanagement.png 8000w, https:\/\/history.schaltzeit.com\/wp-content\/uploads\/2023\/02\/230217_Jobs_Eventmanagement-300x169.png 300w, https:\/\/history.schaltzeit.com\/wp-content\/uploads\/2023\/02\/230217_Jobs_Eventmanagement-1024x576.png 1024w, https:\/\/history.schaltzeit.com\/wp-content\/uploads\/2023\/02\/230217_Jobs_Eventmanagement-768x432.png 768w, https:\/\/history.schaltzeit.com\/wp-content\/uploads\/2023\/02\/230217_Jobs_Eventmanagement-1536x864.png 1536w, https:\/\/history.schaltzeit.com\/wp-content\/uploads\/2023\/02\/230217_Jobs_Eventmanagement-2048x1152.png 2048w, https:\/\/history.schaltzeit.com\/wp-content\/uploads\/2023\/02\/230217_Jobs_Eventmanagement-18x10.png 18w\" sizes=\"(max-width: 8000px) 100vw, 8000px\" \/><\/a>\n\t\t\t\t\t<\/div>\n\t\t\n\t\t\t\n\t\t\t<div class=\"uael-post__content-wrap uael-content-wrap-disabled\">\n\t\t\t\t\t\t\t<div class=\"uael-post__terms-wrap\"><\/div>\n\t\t\t\t\t\t<h3 class=\"uael-post__title\">\n\n\t\t\n\t\t\t\t\t\t<a href=\"https:\/\/history.schaltzeit.com\/en\/jobs\/eventmanagerin\/\" target=\"_self\">\n\t\t\t\tEventmanager\t\t\t<\/a>\n\n\t\t\t\t<\/h3>\n\t\t\t\t\t<div class=\"uael-post__meta-data\">\n\t\t\t\t\t<\/div>\n\t\t\n\t\t<div class=\"uael-post__excerpt\">\n\t\t\tDu brennst darauf, Veranstaltungen jeder Art erfolgreich zu organisieren und durchzuf\u00fchren? Dann haben wir genau den richtigen Job f\u00fcr Dich! Als kurzfristige Verst\u00e4rkung im projektbezogenen ...\t\t<\/div>\n\n\t\t\t\t\t<a class=\"uael-post__read-more elementor-button\" href=\"https:\/\/history.schaltzeit.com\/en\/jobs\/eventmanagerin\/\" target=\"_self\" aria-labelledby=\"uael-post-21055\">\n\t\t\t\t\t<span class=\"elementor-button-content-wrapper\">\n\t\t\t\t\t\t\t\t\t\t\t\t\t\t<span class=\"elementor-button-icon elementor-align-icon-left\">\n\n\t\t\t\t\t\t\t\t\t\n\t\t\t\t\t\t\t\t<\/span>\n\t\t\t\t\t\t\t\t\t\t\t\t\t\n\t\t\t\t\t\t<span class=\"elementor-button-text\" id=\"uael-post-21055\">View \u2192<\/span>\n\t\t\t\t\t<\/span>\n\t\t\t\t<\/a>\n\t\t\t\t\t\t<\/div>\n\t\t\t\n\t\t<\/div>\n\t\t\n\t<\/div>\n\n<\/div>\n\n<div class=\"uael-post-wrapper\">\n\t<div class=\"uael-post__bg-wrap uael-bg-wrap-disabled\">\n\n\t\t\t\t\t<a href=\"https:\/\/history.schaltzeit.com\/en\/jobs\/texterin\/\" target=\"_self\" class=\"uael-post__complete-box-overlay\" aria-label=\"Link Complete Box\"><\/a>\n\t\t\t\t\n\t\t<div class=\"uael-post__inner-wrap uael-inner-wrap-disabled\">\n\n\t\t\t\t<div class=\"uael-post__thumbnail\">\n\t\t\t\n\t\t\t<a href=\"https:\/\/history.schaltzeit.com\/en\/jobs\/texterin\/\" target=\"_self\" title=\"Texter*in\"><img loading=\"lazy\" decoding=\"async\" width=\"8000\" height=\"4500\" src=\"https:\/\/history.schaltzeit.com\/wp-content\/uploads\/2023\/01\/230217_Jobs_Texter.png\" class=\"attachment-full size-full wp-image-21409\" alt=\"\" srcset=\"https:\/\/history.schaltzeit.com\/wp-content\/uploads\/2023\/01\/230217_Jobs_Texter.png 8000w, https:\/\/history.schaltzeit.com\/wp-content\/uploads\/2023\/01\/230217_Jobs_Texter-300x169.png 300w, https:\/\/history.schaltzeit.com\/wp-content\/uploads\/2023\/01\/230217_Jobs_Texter-1024x576.png 1024w, https:\/\/history.schaltzeit.com\/wp-content\/uploads\/2023\/01\/230217_Jobs_Texter-768x432.png 768w, https:\/\/history.schaltzeit.com\/wp-content\/uploads\/2023\/01\/230217_Jobs_Texter-1536x864.png 1536w, https:\/\/history.schaltzeit.com\/wp-content\/uploads\/2023\/01\/230217_Jobs_Texter-2048x1152.png 2048w, https:\/\/history.schaltzeit.com\/wp-content\/uploads\/2023\/01\/230217_Jobs_Texter-18x10.png 18w\" sizes=\"(max-width: 8000px) 100vw, 8000px\" \/><\/a>\n\t\t\t\t\t<\/div>\n\t\t\n\t\t\t\n\t\t\t<div class=\"uael-post__content-wrap uael-content-wrap-disabled\">\n\t\t\t\t\t\t\t<div class=\"uael-post__terms-wrap\"><\/div>\n\t\t\t\t\t\t<h3 class=\"uael-post__title\">\n\n\t\t\n\t\t\t\t\t\t<a href=\"https:\/\/history.schaltzeit.com\/en\/jobs\/texterin\/\" target=\"_self\">\n\t\t\t\tTexter*in\t\t\t<\/a>\n\n\t\t\t\t<\/h3>\n\t\t\t\t\t<div class=\"uael-post__meta-data\">\n\t\t\t\t\t<\/div>\n\t\t\n\t\t<div class=\"uael-post__excerpt\">\n\t\t\tLiebst Du es, mit Worten zu spielen und sie gekonnt zu pr\u00e4sentieren? Du bist ein erfahrener Texter mit einer Leidenschaft f\u00fcr das Schreiben und einem ...\t\t<\/div>\n\n\t\t\t\t\t<a class=\"uael-post__read-more elementor-button\" href=\"https:\/\/history.schaltzeit.com\/en\/jobs\/texterin\/\" target=\"_self\" aria-labelledby=\"uael-post-21370\">\n\t\t\t\t\t<span class=\"elementor-button-content-wrapper\">\n\t\t\t\t\t\t\t\t\t\t\t\t\t\t<span class=\"elementor-button-icon elementor-align-icon-left\">\n\n\t\t\t\t\t\t\t\t\t\n\t\t\t\t\t\t\t\t<\/span>\n\t\t\t\t\t\t\t\t\t\t\t\t\t\n\t\t\t\t\t\t<span class=\"elementor-button-text\" id=\"uael-post-21370\">View \u2192<\/span>\n\t\t\t\t\t<\/span>\n\t\t\t\t<\/a>\n\t\t\t\t\t\t<\/div>\n\t\t\t\n\t\t<\/div>\n\t\t\n\t<\/div>\n\n<\/div>\n\t\t\t\t<\/div>\n\t\t\t\t\t\t\n\t\t<\/div>\n\n\t\t\t\t\t\t<\/div>\n\t\t<div class=\"uael-post__footer\">\n\t\t\t\t\t<\/div>\n\t\t\t\t\t\t<\/div>\n\t\t\t\t<\/div>\n\t\t\t\t<\/div>\n\t\t\t\t\t<\/div>\n\t\t\t\t<\/div>\n\t\t\t\t<\/div>","protected":false},"excerpt":{"rendered":"<p>Karriere Du m\u00f6chtest bei Schaltzeit arbeiten? Dann bist du hier genau richtig! Unsere Karriere-Seite bietet Dir Zugang zu spannenden Stellenangeboten aus den unterschiedlichsten Bereichen und f\u00fcr alle Erfahrungsstufen. Das ist die perfekte Gelegenheit, um deine Karriere als Schalter in Schwung zu bringen. Es ist egal, [&hellip;]<\/p>","protected":false},"author":1,"featured_media":0,"parent":0,"menu_order":0,"comment_status":"closed","ping_status":"closed","template":"","meta":{"_acf_changed":false,"_mo_disable_npp":"","site-sidebar-layout":"no-sidebar","site-content-layout":"page-builder","ast-site-content-layout":"default","site-content-style":"default","site-sidebar-style":"default","ast-global-header-display":"","ast-banner-title-visibility":"","ast-main-header-display":"","ast-hfb-above-header-display":"","ast-hfb-below-header-display":"","ast-hfb-mobile-header-display":"","site-post-title":"disabled","ast-breadcrumbs-content":"","ast-featured-img":"disabled","footer-sml-layout":"","theme-transparent-header-meta":"","adv-header-id-meta":"","stick-header-meta":"","header-above-stick-meta":"","header-main-stick-meta":"","header-below-stick-meta":"","astra-migrate-meta-layouts":"default","ast-page-background-enabled":"default","ast-page-background-meta":{"desktop":{"background-color":"","background-image":"","background-repeat":"repeat","background-position":"center center","background-size":"auto","background-attachment":"scroll","background-type":"","background-media":"","overlay-type":"","overlay-color":"","overlay-opacity":"","overlay-gradient":""},"tablet":{"background-color":"","background-image":"","background-repeat":"repeat","background-position":"center center","background-size":"auto","background-attachment":"scroll","background-type":"","background-media":"","overlay-type":"","overlay-color":"","overlay-opacity":"","overlay-gradient":""},"mobile":{"background-color":"","background-image":"","background-repeat":"repeat","background-position":"center center","background-size":"auto","background-attachment":"scroll","background-type":"","background-media":"","overlay-type":"","overlay-color":"","overlay-opacity":"","overlay-gradient":""}},"ast-content-background-meta":{"desktop":{"background-color":"var(--ast-global-color-5)","background-image":"","background-repeat":"repeat","background-position":"center center","background-size":"auto","background-attachment":"scroll","background-type":"","background-media":"","overlay-type":"","overlay-color":"","overlay-opacity":"","overlay-gradient":""},"tablet":{"background-color":"var(--ast-global-color-5)","background-image":"","background-repeat":"repeat","background-position":"center center","background-size":"auto","background-attachment":"scroll","background-type":"","background-media":"","overlay-type":"","overlay-color":"","overlay-opacity":"","overlay-gradient":""},"mobile":{"background-color":"var(--ast-global-color-5)","background-image":"","background-repeat":"repeat","background-position":"center center","background-size":"auto","background-attachment":"scroll","background-type":"","background-media":"","overlay-type":"","overlay-color":"","overlay-opacity":"","overlay-gradient":""}},"_jet_sm_ready_style":"","_jet_sm_style":"","_jet_sm_controls_values":"","_jet_sm_fonts_collection":"","_jet_sm_fonts_links":"","footnotes":""},"class_list":["post-21068","page","type-page","status-publish","hentry"],"acf":[],"_links":{"self":[{"href":"https:\/\/history.schaltzeit.com\/en\/wp-json\/wp\/v2\/pages\/21068","targetHints":{"allow":["GET"]}}],"collection":[{"href":"https:\/\/history.schaltzeit.com\/en\/wp-json\/wp\/v2\/pages"}],"about":[{"href":"https:\/\/history.schaltzeit.com\/en\/wp-json\/wp\/v2\/types\/page"}],"author":[{"embeddable":true,"href":"https:\/\/history.schaltzeit.com\/en\/wp-json\/wp\/v2\/users\/1"}],"replies":[{"embeddable":true,"href":"https:\/\/history.schaltzeit.com\/en\/wp-json\/wp\/v2\/comments?post=21068"}],"version-history":[{"count":10,"href":"https:\/\/history.schaltzeit.com\/en\/wp-json\/wp\/v2\/pages\/21068\/revisions"}],"predecessor-version":[{"id":80977,"href":"https:\/\/history.schaltzeit.com\/en\/wp-json\/wp\/v2\/pages\/21068\/revisions\/80977"}],"wp:attachment":[{"href":"https:\/\/history.schaltzeit.com\/en\/wp-json\/wp\/v2\/media?parent=21068"}],"curies":[{"name":"wp","href":"https:\/\/api.w.org\/{rel}","templated":true}]}}